{"id":162,"date":"2024-10-07T17:46:11","date_gmt":"2024-10-07T22:46:11","guid":{"rendered":"https:\/\/tienda.petites.com.co\/?post_type=product&#038;p=162"},"modified":"2024-10-07T17:56:32","modified_gmt":"2024-10-07T22:56:32","slug":"panoleta-de-halloween-para-perrito-o-gato","status":"publish","type":"product","link":"https:\/\/tienda.petites.com.co\/index.php\/producto\/panoleta-de-halloween-para-perrito-o-gato\/","title":{"rendered":"Pa\u00f1oleta de Halloween para perrito o gato"},"content":{"rendered":"<p>Pa\u00f1uelos para perros y gatos con tem\u00e1tica de Halloween &#8211; Talla \u00fanica para la mayor\u00eda de las mascotas &#8211; Ligeros y transpirables &#8211; \u00a1Perfectos para la hora del truco o trato!<\/p>\n","protected":false},"excerpt":{"rendered":"<div tabindex=\"0\" role=\"button\" aria-label=\"M\u00e9todo de tejido: Tela sin tejido\">Pa\u00f1uelos para perros y gatos con tem\u00e1tica de Halloween &#8211; Talla \u00fanica para la mayor\u00eda de las mascotas &#8211; Ligeros y transpirables &#8211; \u00a1Perfectos para la hora del truco o trato!<\/div>\n","protected":false},"featured_media":164,"comment_status":"open","ping_status":"closed","template":"","meta":[],"product_cat":[17],"product_tag":[],"jetpack_sharing_enabled":true,"_links":{"self":[{"href":"https:\/\/tienda.petites.com.co\/index.php\/wp-json\/wp\/v2\/product\/162"}],"collection":[{"href":"https:\/\/tienda.petites.com.co\/index.php\/wp-json\/wp\/v2\/product"}],"about":[{"href":"https:\/\/tienda.petites.com.co\/index.php\/wp-json\/wp\/v2\/types\/product"}],"replies":[{"embeddable":true,"href":"https:\/\/tienda.petites.com.co\/index.php\/wp-json\/wp\/v2\/comments?post=162"}],"wp:featuredmedia":[{"embeddable":true,"href":"https:\/\/tienda.petites.com.co\/index.php\/wp-json\/wp\/v2\/media\/164"}],"wp:attachment":[{"href":"https:\/\/tienda.petites.com.co\/index.php\/wp-json\/wp\/v2\/media?parent=162"}],"wp:term":[{"taxonomy":"product_cat","embeddable":true,"href":"https:\/\/tienda.petites.com.co\/index.php\/wp-json\/wp\/v2\/product_cat?post=162"},{"taxonomy":"product_tag","embeddable":true,"href":"https:\/\/tienda.petites.com.co\/index.php\/wp-json\/wp\/v2\/product_tag?post=162"}],"curies":[{"name":"wp","href":"https:\/\/api.w.org\/{rel}","templated":true}]}}